{"id":321,"date":"2017-05-29T16:41:11","date_gmt":"2017-05-29T16:41:11","guid":{"rendered":"http:\/\/www.netcom-bt.hu\/vr\/?page_id=321"},"modified":"2017-05-30T11:49:22","modified_gmt":"2017-05-30T11:49:22","slug":"gyik","status":"publish","type":"page","link":"https:\/\/www.netcom-bt.hu\/vr\/gyik\/","title":{"rendered":"GYIK"},"content":{"rendered":"<p>[et_pb_section fb_built=&#8221;1&#8243; background_image=&#8221;https:\/\/www.netcom-bt.hu\/vr\/wp-content\/uploads\/2017\/05\/proba-head-1744.jpg&#8221; parallax=&#8221;on&#8221; custom_padding=&#8221;117px|0px|805px|0px&#8221; admin_label=&#8221;Head&#8221; custom_css_main_element=&#8221;height:100%;&#8221;][et_pb_row use_custom_gutter=&#8221;on&#8221; gutter_width=&#8221;1&#8243; make_equal=&#8221;on&#8221; parallax_method_1=&#8221;off&#8221; admin_label=&#8221;row&#8221; custom_css_main_element=&#8221;height:100%;&#8221;][et_pb_column type=&#8221;4_4&#8243; parallax=&#8221;off&#8221; parallax_method=&#8221;off&#8221;][et_pb_blurb image=&#8221;https:\/\/www.netcom-bt.hu\/vr\/wp-content\/uploads\/2017\/05\/netcom-vr-logo-opacity-01.png&#8221; background_layout=&#8221;dark&#8221; text_orientation=&#8221;center&#8221; admin_label=&#8221;F\u00fclsz\u00f6veg&#8221;]<\/p>\n<h1>HOGYAN TUDOD KIPR\u00d3B\u00c1LNI?<\/h1>\n<p>[\/et_pb_blurb][\/et_pb_column][\/et_pb_row][et_pb_row admin_label=&#8221;Sor&#8221;][et_pb_column type=&#8221;4_4&#8243; parallax=&#8221;off&#8221; parallax_method=&#8221;on&#8221;][et_pb_divider height=&#8221;300px&#8221; admin_label=&#8221;Elv\u00e1laszt\u00f3&#8221;][\/et_pb_divider][\/et_pb_column][\/et_pb_row][et_pb_row padding_right_1=&#8221;10%&#8221; padding_left_1=&#8221;10%&#8221; padding_right_2=&#8221;10%&#8221; padding_left_2=&#8221;10%&#8221; parallax_method_1=&#8221;off&#8221; parallax_method_2=&#8221;off&#8221; admin_label=&#8221;Sor&#8221;][et_pb_column type=&#8221;1_2&#8243; padding_left=&#8221;10%&#8221; padding_right=&#8221;10%&#8221; parallax=&#8221;off&#8221; parallax_method=&#8221;off&#8221;][et_pb_image src=&#8221;https:\/\/www.netcom-bt.hu\/vr\/wp-content\/uploads\/2017\/05\/ikon-01.png&#8221; animation=&#8221;top&#8221; align=&#8221;center&#8221; admin_label=&#8221;K\u00e9p&#8221;][\/et_pb_image][et_pb_text background_layout=&#8221;dark&#8221; text_orientation=&#8221;center&#8221; admin_label=&#8221;Sz\u00f6veg&#8221; text_font_size=&#8221;18&#8243;]<\/p>\n<h6>C\u00e9lszer\u0171 id\u0151pontot egyeztetni, miel\u0151tt j\u00f6nn\u00e9l<\/h6>\n<p>[\/et_pb_text][\/et_pb_column][et_pb_column type=&#8221;1_2&#8243; padding_left=&#8221;10%&#8221; padding_right=&#8221;10%&#8221; parallax=&#8221;off&#8221; parallax_method=&#8221;off&#8221;][et_pb_image src=&#8221;https:\/\/www.netcom-bt.hu\/vr\/wp-content\/uploads\/2017\/05\/ikon-02.png&#8221; animation=&#8221;top&#8221; align=&#8221;center&#8221; admin_label=&#8221;K\u00e9p&#8221;][\/et_pb_image][et_pb_text background_layout=&#8221;dark&#8221; text_orientation=&#8221;center&#8221; admin_label=&#8221;Sz\u00f6veg&#8221; text_font_size=&#8221;18&#8243;]<\/p>\n<h6>Kapsz egy r\u00f6vid t\u00e1j\u00e9koztat\u00f3t hogy mire kell figyelned<\/h6>\n<p>[\/et_pb_text][\/et_pb_column][\/et_pb_row][et_pb_row admin_label=&#8221;Sor&#8221;][et_pb_column type=&#8221;4_4&#8243; parallax=&#8221;off&#8221; parallax_method=&#8221;on&#8221;][et_pb_divider height=&#8221;20%&#8221; admin_label=&#8221;Elv\u00e1laszt\u00f3&#8221;][\/et_pb_divider][\/et_pb_column][\/et_pb_row][et_pb_row use_custom_gutter=&#8221;on&#8221; gutter_width=&#8221;1&#8243; padding_right_1=&#8221;10%&#8221; padding_left_1=&#8221;10%&#8221; padding_right_2=&#8221;10%&#8221; padding_left_2=&#8221;10%&#8221; parallax_method_1=&#8221;off&#8221; parallax_method_2=&#8221;off&#8221; admin_label=&#8221;Sor&#8221;][et_pb_column type=&#8221;1_2&#8243; padding_left=&#8221;10%&#8221; padding_right=&#8221;10%&#8221; parallax=&#8221;off&#8221; parallax_method=&#8221;off&#8221;][et_pb_image src=&#8221;https:\/\/www.netcom-bt.hu\/vr\/wp-content\/uploads\/2017\/05\/ikon-03.png&#8221; animation=&#8221;top&#8221; align=&#8221;center&#8221; admin_label=&#8221;K\u00e9p&#8221;][\/et_pb_image][et_pb_text background_layout=&#8221;dark&#8221; text_orientation=&#8221;center&#8221; admin_label=&#8221;Sz\u00f6veg&#8221;]<\/p>\n<h6>Az arcodra tesz\u00fcnk egy maszkot, ahol a virtu\u00e1lis szem\u00fcveg \u00e9rintkezne a b\u0151r\u00f6ddel, majd r\u00e1d tessz\u00fck a sisakot<\/h6>\n<p>[\/et_pb_text][\/et_pb_column][et_pb_column type=&#8221;1_2&#8243; padding_left=&#8221;10%&#8221; padding_right=&#8221;10%&#8221; parallax=&#8221;off&#8221; parallax_method=&#8221;off&#8221;][et_pb_image src=&#8221;https:\/\/www.netcom-bt.hu\/vr\/wp-content\/uploads\/2017\/05\/ikon-05.png&#8221; animation=&#8221;top&#8221; align=&#8221;center&#8221; admin_label=&#8221;K\u00e9p&#8221;][\/et_pb_image][et_pb_text background_layout=&#8221;dark&#8221; text_orientation=&#8221;center&#8221; admin_label=&#8221;Sz\u00f6veg&#8221;]<\/p>\n<h6>Kapsz a kezedbe k\u00e9t kontrollert, amelyek a j\u00e1t\u00e9kban haszn\u00e1lhatsz, ind\u00edtjuk a kiv\u00e1lasztott j\u00e1t\u00e9kot \u00e9s m\u00e1r bent is vagy a virtu\u00e1lis val\u00f3s\u00e1gban<\/h6>\n<p>[\/et_pb_text][\/et_pb_column][\/et_pb_row][\/et_pb_section][et_pb_section fb_built=&#8221;1&#8243; background_image=&#8221;https:\/\/www.netcom-bt.hu\/vr\/wp-content\/uploads\/2017\/05\/proba-02.jpg&#8221; parallax=&#8221;on&#8221; custom_padding=&#8221;0px|0px||0px&#8221; admin_label=&#8221;Szakasz&#8221; custom_css_main_element=&#8221;height:1075px;&#8221;][et_pb_row use_custom_gutter=&#8221;on&#8221; gutter_width=&#8221;1&#8243; custom_padding=&#8221;|10%||10%&#8221; padding_right_1=&#8221;10%&#8221; padding_left_1=&#8221;10%&#8221; padding_right_2=&#8221;10%&#8221; padding_left_2=&#8221;10%&#8221; parallax_method_1=&#8221;off&#8221; parallax_method_2=&#8221;off&#8221; admin_label=&#8221;Sor&#8221;][et_pb_column type=&#8221;4_4&#8243; padding_left=&#8221;10%&#8221; padding_right=&#8221;10%&#8221; parallax=&#8221;off&#8221; parallax_method=&#8221;off&#8221;][et_pb_divider height=&#8221;100px&#8221; admin_label=&#8221;Elv\u00e1laszt\u00f3&#8221;][\/et_pb_divider][et_pb_text background_layout=&#8221;dark&#8221; text_orientation=&#8221;center&#8221; admin_label=&#8221;Sz\u00f6veg&#8221; text_font_size=&#8221;18&#8243;]<\/p>\n<h1>Mit fogok \u00e9rezni?<\/h1>\n<p>Olyan \u00e9rz\u00e9sed lesz mint ha val\u00f3ban a j\u00e1t\u00e9kban lenn\u00e9l, teljesen val\u00f3s\u00e1g h\u0171 lesz f\u0151leg az\u00e9rt mert minden mozg\u00e1sodat a rendszer \u00e9rz\u00e9keli \u00e9s val\u00f3szer\u0171 az \u00e9lm\u00e9ny<\/p>\n<h1><\/h1>\n<p>[\/et_pb_text][et_pb_divider height=&#8221;100px&#8221; admin_label=&#8221;Elv\u00e1laszt\u00f3&#8221;][\/et_pb_divider][et_pb_video src=&#8221;https:\/\/www.youtube.com\/watch?v=MFKbL-GU-_U&#8221; admin_label=&#8221;Vide\u00f3&#8221; custom_css_main_element=&#8221;with:320px;&#8221;][\/et_pb_video][et_pb_divider height=&#8221;100px&#8221; admin_label=&#8221;Elv\u00e1laszt\u00f3&#8221;][\/et_pb_divider][et_pb_text background_layout=&#8221;dark&#8221; text_orientation=&#8221;center&#8221; admin_label=&#8221;Sz\u00f6veg&#8221; text_font_size=&#8221;18&#8243;]<\/p>\n<h1>Tuls\u00e1gosan is val\u00f3szer\u00fc<\/h1>\n<p>A HTC Vive az \u00fagynevezett \u201croom scale VR\u201d technol\u00f3gi\u00e1t haszn\u00e1l. Ez azt jelenti, hogy \u00fagy mozoghatsz, mint egy szob\u00e1ban. Ha el\u00e9red a \u201chat\u00e1rt\u201d, akkor megjelenik egy virtu\u00e1lis r\u00e1cs. Ilyenkor l\u00e9pj vissza \u00f3vatosan. Azt l\u00e1tod, hogy mozogsz, de a tested err\u0151l m\u00e1st mond. Az eredm\u00e9ny \u00e1ltal\u00e1ban kellemetlen \u00e9rz\u00e9s: sz\u00e9d\u00fcl\u00e9s, olykor h\u00e1nyinger, szemf\u00e1radts\u00e1g, izzad\u00e1s vagy ak\u00e1r zavarts\u00e1g is lehet. Ha sz\u00e9d\u00fclsz, h\u00e1nyingered van, sz\u00f3lj, \u00e9s levessz\u00fck a sisakot.<\/p>\n<p>[\/et_pb_text][et_pb_divider height=&#8221;100px&#8221; admin_label=&#8221;Elv\u00e1laszt\u00f3&#8221;][\/et_pb_divider][\/et_pb_column][\/et_pb_row][\/et_pb_section][et_pb_section fb_built=&#8221;1&#8243; background_image=&#8221;https:\/\/www.netcom-bt.hu\/vr\/wp-content\/uploads\/2017\/05\/proba-03.jpg&#8221; custom_padding=&#8221;592px|0px|63.3125px|0px&#8221; admin_label=&#8221;Szakasz&#8221;][et_pb_row use_custom_width=&#8221;on&#8221; custom_width_px=&#8221;642px&#8221; parallax_method_1=&#8221;off&#8221; admin_label=&#8221;Sor&#8221;][et_pb_column type=&#8221;4_4&#8243; parallax=&#8221;off&#8221; parallax_method=&#8221;off&#8221;][et_pb_text background_layout=&#8221;dark&#8221; text_orientation=&#8221;center&#8221; admin_label=&#8221;Sz\u00f6veg&#8221;]<\/p>\n<h1>Ha k&eacute;rd&eacute;sed van, tedd fel!<\/h1>\n<p>[\/et_pb_text][et_pb_divider height=&#8221;100px&#8221; admin_label=&#8221;Elv\u00e1laszt\u00f3&#8221;][\/et_pb_divider][et_pb_contact_form admin_label=&#8221;Kapcsolati \u0171rlap&#8221; module_id=&#8221;et_pb_contact_form_0&#8243;][et_pb_contact_field field_id=&#8221;Name&#8221; field_title=&#8221;N\u00e9v&#8221;][\/et_pb_contact_field][et_pb_contact_field field_id=&#8221;Email&#8221; field_title=&#8221;Email c\u00edm&#8221; field_type=&#8221;email&#8221;][\/et_pb_contact_field][et_pb_contact_field field_id=&#8221;Message&#8221; field_title=&#8221;\u00dczenet&#8221; field_type=&#8221;text&#8221; fullwidth_field=&#8221;on&#8221;][\/et_pb_contact_field][\/et_pb_contact_form][\/et_pb_column][\/et_pb_row][\/et_pb_section]<\/p>\n","protected":false},"excerpt":{"rendered":"<p>HOGYAN TUDOD KIPR\u00d3B\u00c1LNI? C\u00e9lszer\u0171 id\u0151pontot egyeztetni, miel\u0151tt j\u00f6nn\u00e9l Kapsz egy r\u00f6vid t\u00e1j\u00e9koztat\u00f3t hogy mire kell figyelned Az arcodra tesz\u00fcnk egy maszkot, ahol a virtu\u00e1lis szem\u00fcveg \u00e9rintkezne a b\u0151r\u00f6ddel, majd r\u00e1d tessz\u00fck a sisakot Kapsz a kezedbe k\u00e9t kontrollert, amelyek a j\u00e1t\u00e9kban haszn\u00e1lhatsz, ind\u00edtjuk a kiv\u00e1lasztott j\u00e1t\u00e9kot \u00e9s m\u00e1r bent is vagy a virtu\u00e1lis val\u00f3s\u00e1gban Mit [&hellip;]<\/p>\n","protected":false},"author":1,"featured_media":0,"parent":0,"menu_order":0,"comment_status":"closed","ping_status":"closed","template":"","meta":{"_et_pb_use_builder":"on","_et_pb_old_content":"","_et_gb_content_width":"","footnotes":""},"class_list":["post-321","page","type-page","status-publish","hentry"],"_links":{"self":[{"href":"https:\/\/www.netcom-bt.hu\/vr\/wp-json\/wp\/v2\/pages\/321","targetHints":{"allow":["GET"]}}],"collection":[{"href":"https:\/\/www.netcom-bt.hu\/vr\/wp-json\/wp\/v2\/pages"}],"about":[{"href":"https:\/\/www.netcom-bt.hu\/vr\/wp-json\/wp\/v2\/types\/page"}],"author":[{"embeddable":true,"href":"https:\/\/www.netcom-bt.hu\/vr\/wp-json\/wp\/v2\/users\/1"}],"replies":[{"embeddable":true,"href":"https:\/\/www.netcom-bt.hu\/vr\/wp-json\/wp\/v2\/comments?post=321"}],"version-history":[{"count":66,"href":"https:\/\/www.netcom-bt.hu\/vr\/wp-json\/wp\/v2\/pages\/321\/revisions"}],"predecessor-version":[{"id":414,"href":"https:\/\/www.netcom-bt.hu\/vr\/wp-json\/wp\/v2\/pages\/321\/revisions\/414"}],"wp:attachment":[{"href":"https:\/\/www.netcom-bt.hu\/vr\/wp-json\/wp\/v2\/media?parent=321"}],"curies":[{"name":"wp","href":"https:\/\/api.w.org\/{rel}","templated":true}]}}