{"id":251,"date":"2017-05-22T19:47:55","date_gmt":"2017-05-22T19:47:55","guid":{"rendered":"http:\/\/www.netcom-bt.hu\/vr\/?page_id=251"},"modified":"2017-06-09T18:08:38","modified_gmt":"2017-06-09T18:08:38","slug":"kitelepulesek","status":"publish","type":"page","link":"https:\/\/www.netcom-bt.hu\/vr\/kitelepulesek\/","title":{"rendered":"KITELEP\u00dcL\u00c9SEK"},"content":{"rendered":"<p>[et_pb_section bb_built=&#8221;1&#8243; admin_label=&#8221;section&#8221; custom_padding=&#8221;57px|0px|23px|0px&#8221;][et_pb_row admin_label=&#8221;row&#8221; custom_padding=&#8221;31.5313px|0px|10px|0px&#8221; parallax_method_1=&#8221;off&#8221;][et_pb_column type=&#8221;4_4&#8243;][et_pb_text admin_label=&#8221;Sz\u00f6veg&#8221; background_layout=&#8221;dark&#8221; text_orientation=&#8221;center&#8221;]<\/p>\n<h1><span style=\"color: #1091e2;\">A virtu\u00e1lis val\u00f3s\u00e1got nem csak \u00fczlet\u00fcnkben van lehet\u0151s\u00e9g kipr\u00f3b\u00e1lni, v\u00e1llalunk kitelep\u00fcl\u00e9seket is.<\/span><\/h1>\n<p>[\/et_pb_text][\/et_pb_column][\/et_pb_row][\/et_pb_section][et_pb_section bb_built=&#8221;1&#8243; admin_label=&#8221;Szakasz&#8221; background_color=&#8221;#1a86cf&#8221; custom_padding=&#8221;0px|0px|0px|0px&#8221;][et_pb_row admin_label=&#8221;Sor&#8221; custom_padding=&#8221;56px|0px|49px|0px&#8221; make_equal=&#8221;on&#8221; background_color_1=&#8221;#1a86cf&#8221; parallax_method_1=&#8221;off&#8221; parallax_method_2=&#8221;off&#8221;][et_pb_column type=&#8221;1_2&#8243;][et_pb_image admin_label=&#8221;K\u00e9p&#8221; src=&#8221;https:\/\/www.netcom-bt.hu\/vr\/wp-content\/uploads\/2017\/05\/kitelepules.png&#8221; animation=&#8221;right&#8221; sticky=&#8221;on&#8221; force_fullwidth=&#8221;on&#8221; \/][\/et_pb_column][et_pb_column type=&#8221;1_2&#8243;][et_pb_text admin_label=&#8221;Sz\u00f6veg&#8221; background_layout=&#8221;dark&#8221; custom_margin=&#8221;10%|5%||15%&#8221;]<\/p>\n<h3>Amivel a kitelep\u00fcl\u00e9sen megjelen\u00fcnk:<\/h3>\n<p>&nbsp;<\/p>\n<ul>\n<li>\n<h5>3 x 3 m s\u00e1tor<\/h5>\n<\/li>\n<li>\n<h5>HTC VIVE komplett felszerel\u00e9ssel<\/h5>\n<\/li>\n<li>\n<h5>telev\u00edzi\u00f3, hogy a kolleg\u00e1i, bar\u00e1tai is l\u00e1ss\u00e1k azt amit \u00d6n l\u00e1t<\/h5>\n<\/li>\n<li>\n<h5>Szem\u00e9lyzet, minimum 2 f\u0151<\/h5>\n<\/li>\n<\/ul>\n<p>[\/et_pb_text][\/et_pb_column][\/et_pb_row][\/et_pb_section][et_pb_section bb_built=&#8221;1&#8243; admin_label=&#8221;Szakasz&#8221; custom_padding=&#8221;28px|0px|0px|0px&#8221;][et_pb_row admin_label=&#8221;Sor&#8221; custom_padding=&#8221;31.5313px|0px|27px|0px&#8221;][et_pb_column type=&#8221;1_3&#8243;][et_pb_text admin_label=&#8221;Sz\u00f6veg&#8221;]<\/p>\n<h3>R\u00e9szt vesz\u00fcnk:<\/h3>\n<ul>\n<li>V\u00e1rosnapokon<\/li>\n<li>Falu napokon<\/li>\n<li>C\u00e9ges rendezv\u00e9nyeken<\/li>\n<li>Csapat\u00e9p\u00edt\u0151 tr\u00e9ningen<\/li>\n<li>Le\u00e1nyb\u00facs\u00fa<\/li>\n<li>Leg\u00e9nyb\u00facs\u00fa<\/li>\n<li>Sz\u00fclet\u00e9snapokon<\/li>\n<\/ul>\n<p>[\/et_pb_text][\/et_pb_column][et_pb_column type=&#8221;1_3&#8243;][et_pb_text admin_label=&#8221;Sz\u00f6veg&#8221;]<\/p>\n<h3>Amit \u00d6nnek kell biztos\u00edtania<\/h3>\n<ul>\n<li>Minimum 4 x 4 m\u00e9teres szabad ter\u00fclet<\/li>\n<li>\u00c1ramforr\u00e1s<\/li>\n<li>Internet nem sz\u00fcks\u00e9ges, de j\u00f3 ha van<\/li>\n<\/ul>\n<p>[\/et_pb_text][\/et_pb_column][et_pb_column type=&#8221;1_3&#8243;][et_pb_video admin_label=&#8221;Vide\u00f3&#8221; src=&#8221;https:\/\/www.youtube.com\/watch?v=MFKbL-GU-_U&#8221; image_src=&#8221;\/\/i.ytimg.com\/vi\/MFKbL-GU-_U\/hqdefault.jpg&#8221; \/][\/et_pb_column][\/et_pb_row][\/et_pb_section][et_pb_section bb_built=&#8221;1&#8243; admin_label=&#8221;Szakasz&#8221; background_color=&#8221;#e2e2e2&#8243; custom_padding=&#8221;33px|0px|1px|0px&#8221;][et_pb_row admin_label=&#8221;Sor&#8221;][et_pb_column type=&#8221;4_4&#8243;][et_pb_text admin_label=&#8221;Sz\u00f6veg&#8221; text_orientation=&#8221;center&#8221;]<\/p>\n<div class=\"adn ads\">\n<div class=\"gs\">\n<div id=\":ms\" class=\"ii gt adP adO\">\n<div id=\":mr\" class=\"a3s aXjCH m15c314a97fee573e\">\n<div dir=\"ltr\">\n<div>\n<h3 style=\"text-align: center;\">Amennyiben felkeltett\u00fck \u00e9rdekl\u0151d\u00e9s\u00e9t,\u00a0k\u00fcldj\u00f6n nek\u00fcnk \u00fczenetet<\/h3>\n<\/div>\n<\/div>\n<\/div>\n<\/div>\n<\/div>\n<\/div>\n<p>[\/et_pb_text][et_pb_contact_form admin_label=&#8221;Kapcsolati \u0171rlap&#8221; success_message=&#8221;Az \u00fczenetet sikeresen tov\u00e1bb\u00edtottuk&#8221; module_id=&#8221;et_pb_contact_form_1&#8243;] [et_pb_contact_field field_id=&#8221;Name&#8221; field_title=&#8221;N\u00e9v&#8221; form_field_font=&#8221;||||&#8221; use_border_color=&#8221;off&#8221;][\/et_pb_contact_field][et_pb_contact_field field_id=&#8221;Email&#8221; field_title=&#8221;Email c\u00edm&#8221; field_type=&#8221;email&#8221; form_field_font=&#8221;||||&#8221; use_border_color=&#8221;off&#8221;][\/et_pb_contact_field][et_pb_contact_field field_id=&#8221;Message&#8221; field_title=&#8221;\u00dczenet&#8221; field_type=&#8221;text&#8221; fullwidth_field=&#8221;on&#8221; form_field_font=&#8221;||||&#8221; use_border_color=&#8221;off&#8221;][\/et_pb_contact_field] [\/et_pb_contact_form][\/et_pb_column][\/et_pb_row][\/et_pb_section]<\/p>\n","protected":false},"excerpt":{"rendered":"<p>A virtu\u00e1lis val\u00f3s\u00e1got nem csak \u00fczlet\u00fcnkben van lehet\u0151s\u00e9g kipr\u00f3b\u00e1lni, v\u00e1llalunk kitelep\u00fcl\u00e9seket is. Amivel a kitelep\u00fcl\u00e9sen megjelen\u00fcnk: &nbsp; 3 x 3 m s\u00e1tor HTC VIVE komplett felszerel\u00e9ssel telev\u00edzi\u00f3, hogy a kolleg\u00e1i, bar\u00e1tai is l\u00e1ss\u00e1k azt amit \u00d6n l\u00e1t Szem\u00e9lyzet, minimum 2 f\u0151 R\u00e9szt vesz\u00fcnk: V\u00e1rosnapokon Falu napokon C\u00e9ges rendezv\u00e9nyeken Csapat\u00e9p\u00edt\u0151 tr\u00e9ningen Le\u00e1nyb\u00facs\u00fa Leg\u00e9nyb\u00facs\u00fa Sz\u00fclet\u00e9snapokon Amit \u00d6nnek [&hellip;]<\/p>\n","protected":false},"author":1,"featured_media":0,"parent":0,"menu_order":0,"comment_status":"closed","ping_status":"closed","template":"","meta":{"_et_pb_use_builder":"on","_et_pb_old_content":"","_et_gb_content_width":"","footnotes":""},"class_list":["post-251","page","type-page","status-publish","hentry"],"_links":{"self":[{"href":"https:\/\/www.netcom-bt.hu\/vr\/wp-json\/wp\/v2\/pages\/251","targetHints":{"allow":["GET"]}}],"collection":[{"href":"https:\/\/www.netcom-bt.hu\/vr\/wp-json\/wp\/v2\/pages"}],"about":[{"href":"https:\/\/www.netcom-bt.hu\/vr\/wp-json\/wp\/v2\/types\/page"}],"author":[{"embeddable":true,"href":"https:\/\/www.netcom-bt.hu\/vr\/wp-json\/wp\/v2\/users\/1"}],"replies":[{"embeddable":true,"href":"https:\/\/www.netcom-bt.hu\/vr\/wp-json\/wp\/v2\/comments?post=251"}],"version-history":[{"count":34,"href":"https:\/\/www.netcom-bt.hu\/vr\/wp-json\/wp\/v2\/pages\/251\/revisions"}],"predecessor-version":[{"id":314,"href":"https:\/\/www.netcom-bt.hu\/vr\/wp-json\/wp\/v2\/pages\/251\/revisions\/314"}],"wp:attachment":[{"href":"https:\/\/www.netcom-bt.hu\/vr\/wp-json\/wp\/v2\/media?parent=251"}],"curies":[{"name":"wp","href":"https:\/\/api.w.org\/{rel}","templated":true}]}}