{"id":142,"date":"2017-05-07T06:27:19","date_gmt":"2017-05-07T06:27:19","guid":{"rendered":"http:\/\/www.netcom-bt.hu\/vr\/?page_id=142"},"modified":"2024-11-14T13:11:54","modified_gmt":"2024-11-14T13:11:54","slug":"kapcsolat","status":"publish","type":"page","link":"https:\/\/www.netcom-bt.hu\/vr\/kapcsolat\/","title":{"rendered":"KAPCSOLAT"},"content":{"rendered":"<p>[et_pb_section fb_built=&#8221;1&#8243; admin_label=&#8221;section&#8221; _builder_version=&#8221;4.16&#8243; custom_padding=&#8221;63.3125px|0px|5px|0px&#8221; global_colors_info=&#8221;{}&#8221;][et_pb_row admin_label=&#8221;row&#8221; _builder_version=&#8221;4.16&#8243; background_size=&#8221;initial&#8221; background_position=&#8221;top_left&#8221; background_repeat=&#8221;repeat&#8221; global_colors_info=&#8221;{}&#8221;][et_pb_column type=&#8221;4_4&#8243; _builder_version=&#8221;4.16&#8243; custom_padding=&#8221;|||&#8221; hover_enabled=&#8221;0&#8243; global_colors_info=&#8221;{}&#8221; custom_padding__hover=&#8221;|||&#8221; sticky_enabled=&#8221;0&#8243;][et_pb_contact_form email=&#8221;netcom@enternet.hu&#8221; title=&#8221;Kapcsolat&#8221; custom_message=&#8221;Az \u00fczenet a honlapr\u00f3l: %%Message%% ||et_pb_line_break_holder||||et_pb_line_break_holder||E-mail c\u00edm: %%Email%%||et_pb_line_break_holder||||et_pb_line_break_holder||N\u00e9v: %%Name%%||et_pb_line_break_holder||\u00dczenet: %%Message%%&#8221; success_message=&#8221;Az \u00fczenetet elk\u00fcldt\u00fck&#8221; module_id=&#8221;et_pb_contact_form_0&#8243; _builder_version=&#8221;4.23.2&#8243; _unique_id=&#8221;ca344da4-1c50-45dd-b9c0-fe61338f12eb&#8221; hover_enabled=&#8221;0&#8243; global_colors_info=&#8221;{}&#8221; sticky_enabled=&#8221;0&#8243;][et_pb_contact_field field_id=&#8221;Name&#8221; field_title=&#8221;N\u00e9v&#8221; _builder_version=&#8221;4.16&#8243; form_field_font=&#8221;||||&#8221; use_border_color=&#8221;off&#8221; global_colors_info=&#8221;{}&#8221; button_text_size__hover_enabled=&#8221;off&#8221; button_one_text_size__hover_enabled=&#8221;off&#8221; button_two_text_size__hover_enabled=&#8221;off&#8221; button_text_color__hover_enabled=&#8221;off&#8221; button_one_text_color__hover_enabled=&#8221;off&#8221; button_two_text_color__hover_enabled=&#8221;off&#8221; button_border_width__hover_enabled=&#8221;off&#8221; button_one_border_width__hover_enabled=&#8221;off&#8221; button_two_border_width__hover_enabled=&#8221;off&#8221; button_border_color__hover_enabled=&#8221;off&#8221; button_one_border_color__hover_enabled=&#8221;off&#8221; button_two_border_color__hover_enabled=&#8221;off&#8221; button_border_radius__hover_enabled=&#8221;off&#8221; button_one_border_radius__hover_enabled=&#8221;off&#8221; button_two_border_radius__hover_enabled=&#8221;off&#8221; button_letter_spacing__hover_enabled=&#8221;off&#8221; button_one_letter_spacing__hover_enabled=&#8221;off&#8221; button_two_letter_spacing__hover_enabled=&#8221;off&#8221; button_bg_color__hover_enabled=&#8221;off&#8221; button_one_bg_color__hover_enabled=&#8221;off&#8221; button_two_bg_color__hover_enabled=&#8221;off&#8221;][\/et_pb_contact_field][et_pb_contact_field field_id=&#8221;Email&#8221; field_title=&#8221;Email c\u00edm&#8221; field_type=&#8221;email&#8221; _builder_version=&#8221;4.16&#8243; global_colors_info=&#8221;{}&#8221; button_text_size__hover_enabled=&#8221;off&#8221; button_one_text_size__hover_enabled=&#8221;off&#8221; button_two_text_size__hover_enabled=&#8221;off&#8221; button_text_color__hover_enabled=&#8221;off&#8221; button_one_text_color__hover_enabled=&#8221;off&#8221; button_two_text_color__hover_enabled=&#8221;off&#8221; button_border_width__hover_enabled=&#8221;off&#8221; button_one_border_width__hover_enabled=&#8221;off&#8221; button_two_border_width__hover_enabled=&#8221;off&#8221; button_border_color__hover_enabled=&#8221;off&#8221; button_one_border_color__hover_enabled=&#8221;off&#8221; button_two_border_color__hover_enabled=&#8221;off&#8221; button_border_radius__hover_enabled=&#8221;off&#8221; button_one_border_radius__hover_enabled=&#8221;off&#8221; button_two_border_radius__hover_enabled=&#8221;off&#8221; button_letter_spacing__hover_enabled=&#8221;off&#8221; button_one_letter_spacing__hover_enabled=&#8221;off&#8221; button_two_letter_spacing__hover_enabled=&#8221;off&#8221; button_bg_color__hover_enabled=&#8221;off&#8221; button_one_bg_color__hover_enabled=&#8221;off&#8221; button_two_bg_color__hover_enabled=&#8221;off&#8221;][\/et_pb_contact_field][et_pb_contact_field field_id=&#8221;Message&#8221; field_title=&#8221;\u00dczenet&#8221; field_type=&#8221;text&#8221; fullwidth_field=&#8221;on&#8221; _builder_version=&#8221;4.16&#8243; global_colors_info=&#8221;{}&#8221; button_text_size__hover_enabled=&#8221;off&#8221; button_one_text_size__hover_enabled=&#8221;off&#8221; button_two_text_size__hover_enabled=&#8221;off&#8221; button_text_color__hover_enabled=&#8221;off&#8221; button_one_text_color__hover_enabled=&#8221;off&#8221; button_two_text_color__hover_enabled=&#8221;off&#8221; button_border_width__hover_enabled=&#8221;off&#8221; button_one_border_width__hover_enabled=&#8221;off&#8221; button_two_border_width__hover_enabled=&#8221;off&#8221; button_border_color__hover_enabled=&#8221;off&#8221; button_one_border_color__hover_enabled=&#8221;off&#8221; button_two_border_color__hover_enabled=&#8221;off&#8221; button_border_radius__hover_enabled=&#8221;off&#8221; button_one_border_radius__hover_enabled=&#8221;off&#8221; button_two_border_radius__hover_enabled=&#8221;off&#8221; button_letter_spacing__hover_enabled=&#8221;off&#8221; button_one_letter_spacing__hover_enabled=&#8221;off&#8221; button_two_letter_spacing__hover_enabled=&#8221;off&#8221; button_bg_color__hover_enabled=&#8221;off&#8221; button_one_bg_color__hover_enabled=&#8221;off&#8221; button_two_bg_color__hover_enabled=&#8221;off&#8221;][\/et_pb_contact_field][et_pb_contact_field fullwidth_field=&#8221;on&#8221; _builder_version=&#8221;4.23.2&#8243; _module_preset=&#8221;default&#8221; field_type=&#8221;radio&#8221; radio_options=&#8221;%91{%22value%22:%22Adatv\u00e9delmi szab\u00e1lyzatot elfogadom%22,%22checked%22:0,%22dragID%22:-1,%22link_url%22:%22https:\/\/www.netcom-bt.hu\/vr\/wp-content\/uploads\/2024\/11\/adatvedelmi-szabalyzat20241114-netcom.pdf%22,%22link_text%22:%22Adatv\u00e9delmi szab\u00e1lyzat%22}%93&#8243; hover_enabled=&#8221;0&#8243; sticky_enabled=&#8221;0&#8243; field_id=&#8221;Field_4&#8243; field_title=&#8221;Adatv\u00e9delmi szab\u00e1lyzat&#8221;][\/et_pb_contact_field][\/et_pb_contact_form][\/et_pb_column][\/et_pb_row][\/et_pb_section][et_pb_section fb_built=&#8221;1&#8243; fullwidth=&#8221;on&#8221; _builder_version=&#8221;4.16&#8243; global_colors_info=&#8221;{}&#8221;][et_pb_fullwidth_map address=&#8221;M\u00e1t\u00e9szalka, K\u00f6lcsey u. 38, 4700 Magyarorsz\u00e1g&#8221; zoom_level=&#8221;15&#8243; address_lat=&#8221;47.95021276906715&#8243; address_lng=&#8221;22.31964613204652&#8243; mouse_wheel=&#8221;off&#8221; _builder_version=&#8221;4.16&#8243; global_colors_info=&#8221;{}&#8221;][et_pb_map_pin title=&#8221;NetCom Bt.&#8221; pin_address=&#8221;M\u00e1t\u00e9szalka, K\u00f6lcsey u. 38, 4700 Magyarorsz\u00e1g&#8221; pin_address_lat=&#8221;47.9524307&#8243; pin_address_lng=&#8221;22.31487179999999&#8243; _builder_version=&#8221;3.0.47&#8243; global_colors_info=&#8221;{}&#8221;]NetCom Bt.[\/et_pb_map_pin][\/et_pb_fullwidth_map][\/et_pb_section][et_pb_section fb_built=&#8221;1&#8243; _builder_version=&#8221;4.16&#8243; custom_padding=&#8221;5px|0px|63.3125px|0px&#8221; global_colors_info=&#8221;{}&#8221;][et_pb_row _builder_version=&#8221;4.16&#8243; background_size=&#8221;initial&#8221; background_position=&#8221;top_left&#8221; background_repeat=&#8221;repeat&#8221; custom_padding=&#8221;58px|0px|31.6563px|0px&#8221; global_colors_info=&#8221;{}&#8221; column_structure=&#8221;1_3,1_3,1_3&#8243;][et_pb_column type=&#8221;1_3&#8243; _builder_version=&#8221;4.16&#8243; custom_padding=&#8221;|||&#8221; global_colors_info=&#8221;{}&#8221; custom_padding__hover=&#8221;|||&#8221;][et_pb_text _builder_version=&#8221;4.23.2&#8243; background_size=&#8221;initial&#8221; background_position=&#8221;top_left&#8221; background_repeat=&#8221;repeat&#8221; hover_enabled=&#8221;0&#8243; global_colors_info=&#8221;{}&#8221; sticky_enabled=&#8221;0&#8243;]<\/p>\n<p><strong>NetCom Bt.<\/strong><\/p>\n<p><strong>Telephely:<\/strong> 4700 M\u00e1t\u00e9szalka\u00a0K\u00f6lcsey utca 38<br \/><strong>Sz\u00e9khely:<\/strong> 4337 J\u00e1rmi Sz\u00e9chenyi u 55<\/p>\n<p><strong>Telefon:<\/strong> +36-30-9-532-244<br \/><strong>E-mail:<\/strong> uzlet@netcom-bt.hu<\/p>\n<p>[\/et_pb_text][\/et_pb_column][et_pb_column type=&#8221;1_3&#8243; _builder_version=&#8221;4.16&#8243; custom_padding=&#8221;|||&#8221; global_colors_info=&#8221;{}&#8221; custom_padding__hover=&#8221;|||&#8221;][et_pb_text _builder_version=&#8221;4.23.2&#8243; background_size=&#8221;initial&#8221; background_position=&#8221;top_left&#8221; background_repeat=&#8221;repeat&#8221; hover_enabled=&#8221;0&#8243; global_colors_info=&#8221;{}&#8221; sticky_enabled=&#8221;0&#8243;]<\/p>\n<p><strong>Ad\u00f3sz\u00e1m :<\/strong> 25657922-1-15<br \/><strong>C\u00e9gjegyz\u00e9ksz\u00e1m:<\/strong> cg.15-06-082446<br \/>Ny\u00edregyh\u00e1zi t\u00f6rv\u00e9nysz\u00e9k c\u00e9gb\u00edr\u00f3s\u00e1ga<\/p>\n<p><strong>Bejegyezve:<\/strong> 1994.04.14<br \/><strong>Iparkamara :<\/strong> Szabolcs-Szatm\u00e1r Bereg Megyei Kereskedelmi \u00e9s Iparkamara<\/p>\n<p>[\/et_pb_text][\/et_pb_column][et_pb_column type=&#8221;1_3&#8243; _builder_version=&#8221;4.16&#8243; custom_padding=&#8221;|||&#8221; global_colors_info=&#8221;{}&#8221; custom_padding__hover=&#8221;|||&#8221;][et_pb_text _builder_version=&#8221;4.23.2&#8243; background_size=&#8221;initial&#8221; background_position=&#8221;top_left&#8221; background_repeat=&#8221;repeat&#8221; hover_enabled=&#8221;0&#8243; global_colors_info=&#8221;{}&#8221; sticky_enabled=&#8221;0&#8243;]<\/p>\n<p><strong>T\u00e1rhelyszolg\u00e1ltat\u00f3nk :<\/strong><\/p>\n<p><span>Rackhost Zrt.<\/span><\/p>\n<p>Sz\u00e9khelye: <span>6722 Szeged, Tisza Lajos k\u00f6r\u00fat 41.<\/span><br \/>E-mail cime : <span>info@rackhost.hu<\/span><\/p>\n<p>[\/et_pb_text][\/et_pb_column][\/et_pb_row][\/et_pb_section]<\/p>\n","protected":false},"excerpt":{"rendered":"<p>NetCom Bt.NetCom Bt. Telephely: 4700 M\u00e1t\u00e9szalka\u00a0K\u00f6lcsey utca 38Sz\u00e9khely: 4337 J\u00e1rmi Sz\u00e9chenyi u 55 Telefon: +36-30-9-532-244E-mail: uzlet@netcom-bt.huAd\u00f3sz\u00e1m : 25657922-1-15C\u00e9gjegyz\u00e9ksz\u00e1m: cg.15-06-082446Ny\u00edregyh\u00e1zi t\u00f6rv\u00e9nysz\u00e9k c\u00e9gb\u00edr\u00f3s\u00e1ga Bejegyezve: 1994.04.14Iparkamara : Szabolcs-Szatm\u00e1r Bereg Megyei Kereskedelmi \u00e9s IparkamaraT\u00e1rhelyszolg\u00e1ltat\u00f3nk : Rackhost Zrt. Sz\u00e9khelye: 6722 Szeged, Tisza Lajos k\u00f6r\u00fat 41.E-mail cime : info@rackhost.hu<\/p>\n","protected":false},"author":1,"featured_media":0,"parent":0,"menu_order":0,"comment_status":"closed","ping_status":"closed","template":"","meta":{"_et_pb_use_builder":"on","_et_pb_old_content":"","_et_gb_content_width":"","footnotes":""},"class_list":["post-142","page","type-page","status-publish","hentry"],"_links":{"self":[{"href":"https:\/\/www.netcom-bt.hu\/vr\/wp-json\/wp\/v2\/pages\/142","targetHints":{"allow":["GET"]}}],"collection":[{"href":"https:\/\/www.netcom-bt.hu\/vr\/wp-json\/wp\/v2\/pages"}],"about":[{"href":"https:\/\/www.netcom-bt.hu\/vr\/wp-json\/wp\/v2\/types\/page"}],"author":[{"embeddable":true,"href":"https:\/\/www.netcom-bt.hu\/vr\/wp-json\/wp\/v2\/users\/1"}],"replies":[{"embeddable":true,"href":"https:\/\/www.netcom-bt.hu\/vr\/wp-json\/wp\/v2\/comments?post=142"}],"version-history":[{"count":25,"href":"https:\/\/www.netcom-bt.hu\/vr\/wp-json\/wp\/v2\/pages\/142\/revisions"}],"predecessor-version":[{"id":522,"href":"https:\/\/www.netcom-bt.hu\/vr\/wp-json\/wp\/v2\/pages\/142\/revisions\/522"}],"wp:attachment":[{"href":"https:\/\/www.netcom-bt.hu\/vr\/wp-json\/wp\/v2\/media?parent=142"}],"curies":[{"name":"wp","href":"https:\/\/api.w.org\/{rel}","templated":true}]}}